{"id":150,"date":"2018-05-06T17:51:41","date_gmt":"2018-05-06T15:51:41","guid":{"rendered":"http:\/\/angekommen.com\/wordpress\/?page_id=150"},"modified":"2025-11-28T10:24:05","modified_gmt":"2025-11-28T09:24:05","slug":"datenschutzerklaerung","status":"publish","type":"page","link":"https:\/\/angekommen.com\/wordpress\/datenschutzerklaerung\/","title":{"rendered":"Datenschutzerkl\u00e4rung"},"content":{"rendered":"\n<h3 class=\"wp-block-heading\" style=\"margin-top:var(--wp--preset--spacing--20)\">Verantwortlicher<\/h3>\n\n\n\n<p>Dietrich Hackenberg <br>Dortmund<br><em>Email<\/em> foto@lichtbild.org<\/p>\n\n\n\n<h3 class=\"wp-block-heading\" style=\"margin-top:var(--wp--preset--spacing--20)\">Zugriffsdaten<\/h3>\n\n\n\n<p>Der Websitebetreiber nimmt Ihren Datenschutz ernst und behandelt Ihre personenbezogenen Daten vertraulich und entsprechend der gesetzlichen Vorschriften. Der Websitebetreiber weist darauf hin, dass die Daten\u00fcbertragung im Internet (z.B. bei der Kommunikation per E-Mail) Sicherheitsl\u00fccken aufweisen kann. Ein l\u00fcckenloser Schutz der Daten vor dem Zugriff durch Dritte ist nicht m\u00f6glich.<\/p>\n\n\n\n<p>Der Websitebetreiber bzw. Seitenprovider erhebt Daten \u00fcber Zugriffe auf die Seite und<br>\nspeichert diese als \u201eServer-Logfiles\u201c ab. Folgende Daten werden so protokolliert:<\/p>\n\n\n\n<ul class=\"wp-block-list\">\n<li>Besuchte Website<\/li>\n\n\n\n<li>Uhrzeit zum Zeitpunkt des Zugriffes<\/li>\n\n\n\n<li>Menge der gesendeten Daten in Byte<\/li>\n\n\n\n<li>Quelle\/Verweis, von welchem Sie auf die Seite gelangten<\/li>\n\n\n\n<li>Verwendeter Browser<\/li>\n\n\n\n<li>Verwendetes Betriebssystem<\/li>\n\n\n\n<li>Verwendete IP-Adresse<\/li>\n<\/ul>\n\n\n\n<p>Die erhobenen Daten dienen lediglich statistischen Auswertungen und zur Verbesserung der<br>\nWebsite. Der Websitebetreiber beh\u00e4lt sich allerdings vor, die Server-Logfiles nachtr\u00e4glich zu<br>\n\u00fcberpr\u00fcfen, sollten konkrete Anhaltspunkte auf eine rechtswidrige Nutzung hinweisen. <\/p>\n\n\n\n<h3 class=\"wp-block-heading\" style=\"margin-top:var(--wp--preset--spacing--20)\">Cookies<\/h3>\n\n\n\n<p>Diese Webseite nutzt Cookies zur Verbesserung der Funktionalit\u00e4t. G\u00e4ngige Browser bieten die Einstellungsoption, Cookies nicht zuzulassen. Hinweis: Es ist nicht gew\u00e4hrleistet, dass Sie auf alle Funktionen dieser Website ohne Einschr\u00e4nkungen zugreifen k\u00f6nnen, wenn Sie entsprechende Einstellungen vornehmen.<br>\nMehr \u00fcber die Verwendung von Cookies bei WordPress <a href=\"https:\/\/de.support.wordpress.com\/cookies\/\"> <i class=\"fas fa-external-link-alt\"><\/i> wordpress.com\/cookies\/<\/a><\/p>\n\n\n\n<h3 class=\"wp-block-heading\" style=\"margin-top:var(--wp--preset--spacing--20)\">Umgang mit personenbezogenen Daten<\/h3>\n\n\n\n<p>Der Websitebetreiber erhebt, nutzt und gibt Ihre personenbezogenen Daten nur dann weiter, wenn dies im gesetzlichen Rahmen erlaubt ist oder Sie in die Datenerhebung einwilligen.<br>\nAls personenbezogene Daten gelten s\u00e4mtliche Informationen, welche dazu dienen, Ihre Person zu bestimmen und welche zu Ihnen zur\u00fcckverfolgt werden k\u00f6nnen \u2013 also beispielsweise Ihr Name, Ihre E-Mail-Adresse und Telefonnummer.<\/p>\n\n\n\n<h3 class=\"wp-block-heading\" style=\"margin-top:var(--wp--preset--spacing--20)\">Umgang mit Kontaktdaten<\/h3>\n\n\n\n<p>Nehmen Sie mit dem Websitebetreiber durch die angebotenen Kontaktm\u00f6glichkeiten Verbindung auf, werden Ihre Angaben gespeichert, damit auf diese zur Bearbeitung und Beantwortung Ihrer Anfrage zur\u00fcckgegriffen werden kann. Ohne Ihre Einwilligung werden diese Daten nicht an Dritte weitergegeben.<\/p>\n\n\n\n<h3 class=\"wp-block-heading\" style=\"margin-top:var(--wp--preset--spacing--20)\">Brute-Force-Schutz<\/h3>\n\n\n\n<p>Um den Admin-Bereich der Webseite zu sichern, wird der\u00a0<em>Schutz vor Brute-Force-Angriffen<\/em>\u00a0des\u00a0<em>WordPress-Plugins Limit Login Attempts<\/em>\u00a0genutzt. Bei fehlerhafter Eingabe eines Benutzernamens oder Passwortes im Login werden die IP-Adresse des Nutzers, Zeitangaben und der Eingabetext zum Abgleich an einen Server im Ausland weitergeleitet. Auf unserer Webseite ist der Admin-Bereich nur durch Direktlinkeingabe und eine zus\u00e4tzliche Passworteingabe zug\u00e4nglich. Solange Sie die \u00fcber das Men\u00fc zug\u00e4nglichen Seiten besuchen, sind Sie von dieser Sicherung nicht betroffen.\u00a0<br><a href=\"https:\/\/www.limitloginattempts.com\/\">Webseite der Firma\u00a0<em>Limit Login Attempts<\/em><\/a><\/p>\n\n\n\n<h3 class=\"wp-block-heading\" style=\"margin-top:var(--wp--preset--spacing--20)\">Rechte des Nutzers: Auskunft, Berichtigung und L\u00f6schung<\/h3>\n\n\n\n<p>Sie als Nutzer erhalten auf Antrag Ihrerseits kostenlose Auskunft dar\u00fcber, welche personenbezogenen Daten \u00fcber Sie gespeichert wurden. Sofern Ihr Wunsch nicht mit einer gesetzlichen Pflicht zur Aufbewahrung von Daten (z. B. Vorratsdatenspeicherung) kollidiert, haben Sie ein Anrecht auf Berichtigung falscher Daten und auf die Sperrung oder L\u00f6schung Ihrer personenbezogenen Daten.<\/p>\n\n\n\n<p><\/p>\n","protected":false},"excerpt":{"rendered":"<p>Verantwortlicher Dietrich Hackenberg DortmundEmail foto@lichtbild.org Zugriffsdaten Der Websitebetreiber nimmt Ihren Datenschutz ernst und behandelt Ihre personenbezogenen Daten vertraulich und entsprechend der gesetzlichen Vorschriften. Der Websitebetreiber weist darauf hin, dass die Daten\u00fcbertragung im Internet (z.B. bei der Kommunikation per E-Mail) Sicherheitsl\u00fccken aufweisen kann. Ein l\u00fcckenloser Schutz der Daten vor dem Zugriff durch Dritte ist nicht m\u00f6glich. [&hellip;]<\/p>\n","protected":false},"author":4,"featured_media":0,"parent":0,"menu_order":0,"comment_status":"closed","ping_status":"closed","template":"","meta":{"footnotes":""},"class_list":["post-150","page","type-page","status-publish","hentry"],"_links":{"self":[{"href":"https:\/\/angekommen.com\/wordpress\/wp-json\/wp\/v2\/pages\/150","targetHints":{"allow":["GET"]}}],"collection":[{"href":"https:\/\/angekommen.com\/wordpress\/wp-json\/wp\/v2\/pages"}],"about":[{"href":"https:\/\/angekommen.com\/wordpress\/wp-json\/wp\/v2\/types\/page"}],"author":[{"embeddable":true,"href":"https:\/\/angekommen.com\/wordpress\/wp-json\/wp\/v2\/users\/4"}],"replies":[{"embeddable":true,"href":"https:\/\/angekommen.com\/wordpress\/wp-json\/wp\/v2\/comments?post=150"}],"version-history":[{"count":8,"href":"https:\/\/angekommen.com\/wordpress\/wp-json\/wp\/v2\/pages\/150\/revisions"}],"predecessor-version":[{"id":468,"href":"https:\/\/angekommen.com\/wordpress\/wp-json\/wp\/v2\/pages\/150\/revisions\/468"}],"wp:attachment":[{"href":"https:\/\/angekommen.com\/wordpress\/wp-json\/wp\/v2\/media?parent=150"}],"curies":[{"name":"wp","href":"https:\/\/api.w.org\/{rel}","templated":true}]}}