{"id":7,"date":"2015-03-23T11:15:52","date_gmt":"2015-03-23T11:15:52","guid":{"rendered":"http:\/\/angekommen.com\/wordpress\/?page_id=7"},"modified":"2025-11-28T10:25:45","modified_gmt":"2025-11-28T09:25:45","slug":"impressum","status":"publish","type":"page","link":"https:\/\/angekommen.com\/wordpress\/impressum\/","title":{"rendered":"Impressum"},"content":{"rendered":"\n<p><strong>Dietrich Hackenberg<\/strong><br><em>Webseite<\/em> <a title=\"Zur Webseite lichtbild Dietrich Hackenberg\" href=\"http:\/\/www.lichtbild.org\/\" target=\"_blank\">www.lichtbild.org<\/a><br><em>Email<\/em> <a href=\"mailto: foto@lichtbild.org\">foto@lichtbild.org<\/a><\/p>\n\n\n\n<p>\u00abAngekommen&#8230;\u00bb ist ein Portal zu Webprojekten, die die vielf\u00e4ltigen Geschichte der Migration im Rheinland und Westfalen nacherz\u00e4hlen. Die drei Webprojekte auf den Subdomains geh\u00f6ren zum Portal und wurden von unterschiedlichen Kooperationspartnern zusammen mit Institutionen des Landes Nordrhein-Westfalen erstellt. <\/p>\n\n\n\n<h3 class=\"wp-block-heading\" style=\"margin-top:var(--wp--preset--spacing--20)\">Verantwortliche im Sinne des Presserechts <\/h3>\n\n\n\n<ul class=\"wp-block-list\">\n<li>F\u00fcr die Inhalte der <strong>Portalseite<\/strong> <em>angekommen.com<\/em> ist Dietrich Hackenberg verantwortlich.<\/li>\n\n\n\n<li>F\u00fcr <strong>Inhalte<\/strong> der Webseiten auf den <strong>Subdomains<\/strong> (<em>iberer.angekommen.com<\/em>, <em>italiener.angekommen.com<\/em> und <em>routemigration.angekomen.com<\/em>) sind die jeweiligen Autoren verantwortlich.<\/li>\n\n\n\n<li>Verantwortlich f\u00fcr die Inhalte der nur verlinkten <strong>externen Webseiten<\/strong> sind die jeweiligen Betreiber.<\/li>\n<\/ul>\n\n\n\n<h3 class=\"wp-block-heading\" style=\"margin-top:var(--wp--preset--spacing--20)\">Webmaster<\/h3>\n\n\n\n<p>Webmaster f\u00fcr die Webseite <em>angekommen.com<\/em> und deren Subdomains ist Dietrich Hackenberg. <\/p>\n\n\n\n<h3 class=\"wp-block-heading\" style=\"margin-top:var(--wp--preset--spacing--20)\">Copyright<\/h3>\n\n\n\n<p>Alle Bilder der Webseite sind urheberrechtlich gesch\u00fctzt und d\u00fcrfen nicht den Seiten entnommen werden. Einbinden von Bildern in andere Webseiten ist nur mit schriftlicher Genehmigung gestattet. Namensnennung des Fotografen und der Ursprungsseite in unmittelbarer N\u00e4he der eingebundenen Bilder ist Pflicht.<br>\nAlle Nutzungen bed\u00fcrfen der Genehmigung und sind grunds\u00e4tzlich kostenpflichtig.<\/p>\n\n\n\n<h3 class=\"wp-block-heading\" style=\"margin-top:var(--wp--preset--spacing--20)\">Cookies<\/h3>\n\n\n\n<p>Diese Webseite nutzt Cookies zur Verbesserung der Funktionalit\u00e4t. Mehr \u00fcber die Verwendung von Cookies bei WordPress <a href=\"https:\/\/de.support.wordpress.com\/cookies\/\"><i class=\"fa fa-external-link\"><\/i> wordpress.com\/cookies\/<\/a><\/p>\n\n\n\n<h3 class=\"wp-block-heading\" style=\"margin-top:var(--wp--preset--spacing--20)\">Haftungshinweis<\/h3>\n\n\n\n<p>Trotz sorgf\u00e4ltiger inhaltlicher Kontrolle \u00fcbernehme ich keine Haftung f\u00fcr die Inhalte externer Links. F\u00fcr den Inhalt der verlinkten Seiten sind ausschlie\u00dflich deren Betreiber verantwortlich.<\/p>\n","protected":false},"excerpt":{"rendered":"<p>Dietrich HackenbergWebseite www.lichtbild.orgEmail foto@lichtbild.org \u00abAngekommen&#8230;\u00bb ist ein Portal zu Webprojekten, die die vielf\u00e4ltigen Geschichte der Migration im Rheinland und Westfalen nacherz\u00e4hlen. Die drei Webprojekte auf den Subdomains geh\u00f6ren zum Portal und wurden von unterschiedlichen Kooperationspartnern zusammen mit Institutionen des Landes Nordrhein-Westfalen erstellt. Verantwortliche im Sinne des Presserechts Webmaster Webmaster f\u00fcr die Webseite angekommen.com und deren [&hellip;]<\/p>\n","protected":false},"author":4,"featured_media":0,"parent":0,"menu_order":0,"comment_status":"closed","ping_status":"closed","template":"","meta":{"footnotes":""},"class_list":["post-7","page","type-page","status-publish","hentry"],"_links":{"self":[{"href":"https:\/\/angekommen.com\/wordpress\/wp-json\/wp\/v2\/pages\/7","targetHints":{"allow":["GET"]}}],"collection":[{"href":"https:\/\/angekommen.com\/wordpress\/wp-json\/wp\/v2\/pages"}],"about":[{"href":"https:\/\/angekommen.com\/wordpress\/wp-json\/wp\/v2\/types\/page"}],"author":[{"embeddable":true,"href":"https:\/\/angekommen.com\/wordpress\/wp-json\/wp\/v2\/users\/4"}],"replies":[{"embeddable":true,"href":"https:\/\/angekommen.com\/wordpress\/wp-json\/wp\/v2\/comments?post=7"}],"version-history":[{"count":10,"href":"https:\/\/angekommen.com\/wordpress\/wp-json\/wp\/v2\/pages\/7\/revisions"}],"predecessor-version":[{"id":470,"href":"https:\/\/angekommen.com\/wordpress\/wp-json\/wp\/v2\/pages\/7\/revisions\/470"}],"wp:attachment":[{"href":"https:\/\/angekommen.com\/wordpress\/wp-json\/wp\/v2\/media?parent=7"}],"curies":[{"name":"wp","href":"https:\/\/api.w.org\/{rel}","templated":true}]}}